{"id":36,"date":"2020-11-11T15:55:06","date_gmt":"2020-11-11T15:55:06","guid":{"rendered":"https:\/\/discover.idntt-host.it\/native\/discover\/granapadano-benessere\/?page_id=36"},"modified":"2026-04-27T12:55:21","modified_gmt":"2026-04-27T10:55:21","slug":"granapadano-benessere","status":"publish","type":"page","link":"https:\/\/discover.idntt-host.it\/native\/discover\/granapadano-benessere\/","title":{"rendered":"Granapadano"},"content":{"rendered":"\t\t<div data-elementor-type=\"wp-page\" data-elementor-id=\"36\" class=\"elementor elementor-36\" data-elementor-post-type=\"page\">\n\t\t\t\t\t\t<section class=\"elementor-section elementor-top-section elementor-element elementor-element-dddedf0 elementor-section-full_width elementor-section-height-default elementor-section-height-default\" data-id=\"dddedf0\" data-element_type=\"section\" data-e-type=\"section\">\n\t\t\t\t\t\t<div class=\"elementor-container elementor-column-gap-default\">\n\t\t\t\t\t<div class=\"elementor-column elementor-col-100 elementor-top-column elementor-element elementor-element-c879deb\" data-id=\"c879deb\" data-element_type=\"column\" data-e-type=\"column\">\n\t\t\t<div class=\"elementor-widget-wrap elementor-element-populated\">\n\t\t\t\t\t\t<div class=\"elementor-element elementor-element-7ce2178 elementor-hidden-tablet elementor-hidden-mobile elementor-widget elementor-widget-image\" data-id=\"7ce2178\" data-element_type=\"widget\" data-e-type=\"widget\" data-widget_type=\"image.default\">\n\t\t\t\t<div class=\"elementor-widget-container\">\n\t\t\t\t\t\t\t\t\t\t\t\t\t\t\t<img fetchpriority=\"high\" decoding=\"async\" width=\"1920\" height=\"834\" src=\"https:\/\/discover.idntt-host.it\/native\/discover\/granapadano-benessere\/wp-content\/uploads\/2026\/04\/hp.jpg\" class=\"attachment-full size-full wp-image-1736\" alt=\"\" srcset=\"https:\/\/discover.idntt-host.it\/native\/discover\/granapadano-benessere\/wp-content\/uploads\/2026\/04\/hp.jpg 1920w, https:\/\/discover.idntt-host.it\/native\/discover\/granapadano-benessere\/wp-content\/uploads\/2026\/04\/hp-300x130.jpg 300w, https:\/\/discover.idntt-host.it\/native\/discover\/granapadano-benessere\/wp-content\/uploads\/2026\/04\/hp-1024x445.jpg 1024w, https:\/\/discover.idntt-host.it\/native\/discover\/granapadano-benessere\/wp-content\/uploads\/2026\/04\/hp-768x334.jpg 768w, https:\/\/discover.idntt-host.it\/native\/discover\/granapadano-benessere\/wp-content\/uploads\/2026\/04\/hp-1536x667.jpg 1536w\" sizes=\"(max-width: 1920px) 100vw, 1920px\" \/>\t\t\t\t\t\t\t\t\t\t\t\t\t\t\t<\/div>\n\t\t\t\t<\/div>\n\t\t\t\t<div class=\"elementor-element elementor-element-3424b61 elementor-hidden-desktop elementor-widget elementor-widget-image\" data-id=\"3424b61\" data-element_type=\"widget\" data-e-type=\"widget\" data-widget_type=\"image.default\">\n\t\t\t\t<div class=\"elementor-widget-container\">\n\t\t\t\t\t\t\t\t\t\t\t\t\t\t\t<img decoding=\"async\" width=\"1080\" height=\"720\" src=\"https:\/\/discover.idntt-host.it\/native\/discover\/granapadano-benessere\/wp-content\/uploads\/2026\/04\/hp-mobile.jpg\" class=\"attachment-full size-full wp-image-1735\" alt=\"\" srcset=\"https:\/\/discover.idntt-host.it\/native\/discover\/granapadano-benessere\/wp-content\/uploads\/2026\/04\/hp-mobile.jpg 1080w, https:\/\/discover.idntt-host.it\/native\/discover\/granapadano-benessere\/wp-content\/uploads\/2026\/04\/hp-mobile-300x200.jpg 300w, https:\/\/discover.idntt-host.it\/native\/discover\/granapadano-benessere\/wp-content\/uploads\/2026\/04\/hp-mobile-1024x683.jpg 1024w, https:\/\/discover.idntt-host.it\/native\/discover\/granapadano-benessere\/wp-content\/uploads\/2026\/04\/hp-mobile-768x512.jpg 768w\" sizes=\"(max-width: 1080px) 100vw, 1080px\" \/>\t\t\t\t\t\t\t\t\t\t\t\t\t\t\t<\/div>\n\t\t\t\t<\/div>\n\t\t\t\t\t<\/div>\n\t\t<\/div>\n\t\t\t\t\t<\/div>\n\t\t<\/section>\n\t\t\t\t<section class=\"elementor-section elementor-top-section elementor-element elementor-element-608b155 elementor-section-height-min-height elementor-section-items-top elementor-section-boxed elementor-section-height-default\" data-id=\"608b155\" data-element_type=\"section\" data-e-type=\"section\">\n\t\t\t\t\t\t<div class=\"elementor-container elementor-column-gap-default\">\n\t\t\t\t\t<div class=\"elementor-column elementor-col-100 elementor-top-column elementor-element elementor-element-f70ff94\" data-id=\"f70ff94\" data-element_type=\"column\" data-e-type=\"column\">\n\t\t\t<div class=\"elementor-widget-wrap elementor-element-populated\">\n\t\t\t\t\t\t<div class=\"elementor-element elementor-element-d8f4569 elementor-widget elementor-widget-heading\" data-id=\"d8f4569\" data-element_type=\"widget\" data-e-type=\"widget\" data-widget_type=\"heading.default\">\n\t\t\t\t<div class=\"elementor-widget-container\">\n\t\t\t\t\t<h1 class=\"elementor-heading-title elementor-size-default\">Alla ricerca del benessere<\/h1>\t\t\t\t<\/div>\n\t\t\t\t<\/div>\n\t\t\t\t<div class=\"elementor-element elementor-element-cebc7bc elementor-widget elementor-widget-text-editor\" data-id=\"cebc7bc\" data-element_type=\"widget\" data-e-type=\"widget\" data-widget_type=\"text-editor.default\">\n\t\t\t\t<div class=\"elementor-widget-container\">\n\t\t\t\t\t\t\t\t\t<p>La qualit\u00e0 della vita dipende dalle tue abitudini quotidiane, e la ricerca del benessere e il prendersi cura di s\u00e9 stessi \u00e8 senza dubbio l\u2019investimento migliore che puoi fare. Scegliere uno stile di vita sano vuol dire scegliere di volersi bene e decidere di intraprendere un percorso verso il benessere. Sei pronto per farlo?<\/p>\t\t\t\t\t\t\t\t<\/div>\n\t\t\t\t<\/div>\n\t\t\t\t<div class=\"elementor-element elementor-element-a72b496 elementor-widget elementor-widget-heading\" data-id=\"a72b496\" data-element_type=\"widget\" data-e-type=\"widget\" data-widget_type=\"heading.default\">\n\t\t\t\t<div class=\"elementor-widget-container\">\n\t\t\t\t\t<h2 class=\"elementor-heading-title elementor-size-default\">Prima di accompagnarti con consigli preziosi nelle varie fasi della giornata, <br>gioca con noi e risolvi questo semplice quiz.<\/h2>\t\t\t\t<\/div>\n\t\t\t\t<\/div>\n\t\t\t\t<div class=\"elementor-element elementor-element-388e0dd elementor-align-center elementor-mobile-align-center elementor-invisible elementor-widget elementor-widget-button\" data-id=\"388e0dd\" data-element_type=\"widget\" data-e-type=\"widget\" id=\"startQuizBtn\" data-settings=\"{&quot;_animation&quot;:&quot;bounceInUp&quot;}\" data-widget_type=\"button.default\">\n\t\t\t\t<div class=\"elementor-widget-container\">\n\t\t\t\t\t\t\t\t\t<div class=\"elementor-button-wrapper\">\n\t\t\t\t\t<a class=\"elementor-button elementor-button-link elementor-size-sm elementor-animation-float\" href=\"#quiz\">\n\t\t\t\t\t\t<span class=\"elementor-button-content-wrapper\">\n\t\t\t\t\t\t\t\t\t<span class=\"elementor-button-text\">Mettiti alla prova<\/span>\n\t\t\t\t\t<\/span>\n\t\t\t\t\t<\/a>\n\t\t\t\t<\/div>\n\t\t\t\t\t\t\t\t<\/div>\n\t\t\t\t<\/div>\n\t\t\t\t\t<\/div>\n\t\t<\/div>\n\t\t\t\t\t<\/div>\n\t\t<\/section>\n\t\t\t\t<section class=\"elementor-section elementor-top-section elementor-element elementor-element-df2ac83 elementor-section-full_width elementor-section-height-default elementor-section-height-default\" data-id=\"df2ac83\" data-element_type=\"section\" data-e-type=\"section\" id=\"quiz\" data-settings=\"{&quot;background_background&quot;:&quot;gradient&quot;}\">\n\t\t\t\t\t\t<div class=\"elementor-container elementor-column-gap-default\">\n\t\t\t\t\t<div class=\"elementor-column elementor-col-100 elementor-top-column elementor-element elementor-element-33346b9\" data-id=\"33346b9\" data-element_type=\"column\" data-e-type=\"column\">\n\t\t\t<div class=\"elementor-widget-wrap elementor-element-populated\">\n\t\t\t\t\t\t<div class=\"elementor-element elementor-element-91ca14f elementor-widget elementor-widget-html\" data-id=\"91ca14f\" data-element_type=\"widget\" data-e-type=\"widget\" data-widget_type=\"html.default\">\n\t\t\t\t<div class=\"elementor-widget-container\">\n\t\t\t\t\t<style>\n@import url('https:\/\/fonts.googleapis.com\/css2?family=Montserrat:wght@400;500;600;700&display=swap');\n\n.quiz-section {\n    font-family: \"Suisse Intl Web\", sans-serif;\n    color: #fff;\n    display: flex;\n    justify-content: center;\n    align-items: center;\n    padding: 40px 15px;\n    background: transparent;\n}\n\n.quiz-box {\n    width: 100%;\n    max-width: 1000px;\n    background: rgba(255,255,255,0.05);\n    border-radius: 24px;\n    padding: 60px 80px;\n    box-shadow:\n        0 0 25px rgba(252, 209, 42, 0.7),\n        0 0 55px rgba(252, 209, 42, 0.5);\n    text-align: center;\n    transition: all 0.4s ease;\n    box-sizing: border-box;\n    overflow: hidden;\n}\n\n@media (max-width: 768px) {\n\n  .quiz-box {\n    padding: 30px 18px !important;\n    border-radius: 20px;\n    width: calc(100% - 30px);\n    margin: 0 auto;\n  }\n\n  .question {\n    font-size: 17px !important;\n    line-height: 1.35 !important;\n    max-width: 92% !important;\n    margin: 0 auto 18px auto !important;\n    white-space: normal !important;\n  }\n\n  .answers {\n    display: flex;\n    flex-direction: column;\n    gap: 14px;\n    width: 100%;\n  }\n\n  .answer {\n    width: 100%;\n    font-size: 15px !important;\n    padding: 14px 16px !important;\n  }\n}\n\n\/* === Effetti errore === *\/\n@keyframes shake {\n  0%,100% { transform: translateX(0); }\n  20%,60% { transform: translateX(-10px); }\n  40%,80% { transform: translateX(10px); }\n}\n\n.quiz-box.shake {\n  animation: shake 0.4s ease;\n}\n\n.quiz-box.flash {\n  box-shadow: 0 0 40px rgba(255,0,0,0.5);\n  transition: box-shadow 0.4s ease;\n}\n\n\/* Glow verde quando risposta corretta *\/\n.quiz-box.correct-shadow {\n  box-shadow: 0 0 40px rgba(50, 215, 75, 0.65) !important;\n}\n\n\/* === Titolo === *\/\n.quiz-title {\n    font-weight: 700;\n    color: white;\n    margin-bottom: 20px;\n    font-size: 28px;\n    text-transform: uppercase;\n    letter-spacing: 1px;\n    word-wrap: break-word;\n    white-space: normal;\n}\n\n@media (max-width: 480px) {\n    .quiz-title {\n        font-size: 22px;\n        line-height: 1.2;\n    }\n}\n\n\/* === Barra avanzamento === *\/\n.progress-text {\n  font-size: 15px;\n  color: #a8d8ff;\n  margin-bottom: 8px;\n  font-weight: 500;\n}\n\n.progress-container {\n  width: 100%;\n  height: 10px;\n  background: rgba(255, 255, 255, 0.2);\n  border-radius: 10px;\n  overflow: hidden;\n  margin: 15px 0 30px;\n}\n\n.progress-bar {\n  height: 10px;\n  width: 0;\n  background: linear-gradient(\n      90deg,\n      #fff3b0,   \/* giallo chiarissimo *\/\n      #fcd12a,   \/* giallo principale *\/\n      #d4a017    \/* giallo oro scuro *\/\n  );\n  border-radius: 10px;\n  transition: width 0.4s ease;\n}\n\n\n\/* === Timer === *\/\n.timer-wrapper { margin-bottom: 25px; }\n.timer-text { font-size: 15px; color: #a8d8ff; margin-bottom: 6px; font-weight: 500; }\n\n.timer-container {\n    width: 100%;\n    height: 8px;\n    background: rgba(255,255,255,0.2);\n    border-radius: 10px;\n    overflow: hidden;\n}\n\n.timer-bar {\n  height: 8px;\n  width: 100%;\n  background: linear-gradient(90deg, #f44336, #ff9800, #4caf50);\n  transition: width 0.3s linear;\n}\n\n\n\/* === Domanda === *\/\n.question {\n    font-size: 22px;\n    font-weight: 600;\n    margin-bottom: 20px;\n    line-height: 1.4;\n    word-wrap: break-word;\n}\n\n\/* === Risposte === *\/\n.answers {\n    display: grid;\n    grid-template-columns: repeat(auto-fit, minmax(280px, 1fr));\n    gap: 18px;\n    justify-items: center;\n    margin-top: 25px;\n    width: 100%;\n    box-sizing: border-box;\n}\n\n.answer {\n    background: rgba(255, 255, 255, 0.1);\n    border: 2px solid transparent;\n    color: #fff;\n    font-size: 18px;\n    font-weight: 500;\n    border-radius: 16px;\n    padding: 18px 22px;\n    width: 100%;\n    text-align: center;\n    cursor: pointer;\n    transition: all 0.3s ease;\n    white-space: normal;\n    line-height: 1.4;\n}\n\n.answer:hover {\n    background: rgba(255,255,255,0.15);\n    transform: translateY(-2px);\n}\n\n.answer.correct {\n    border-color: #4caf50;\n    background: rgba(76,175,80,0.3);\n}\n\n.answer.wrong {\n    border-color: #f44336;\n    background: rgba(244,67,54,0.3);\n}\n\n@media (max-width: 767px) {\n  .answers {\n    grid-template-columns: 1fr;\n    gap: 16px;\n  }\n}\n\n\/* === POPUP  === *\/\n\n.popup {\n    position: fixed;\n    top: 50%;\n    left: 50%;\n    transform: translate(-50%, -50%) scale(0.9);\n    background: rgba(255, 255, 255, 0.12); \n    backdrop-filter: blur(15px);\n    color: #fff;\n    padding: 40px 32px;\n    border-radius: 22px;\n    box-shadow: 0 0 40px rgba(0, 0, 0, 0.55);\n    max-width: 660px;\n    width: 90%;\n    display: none;\n    text-align: center;\n    z-index: 9999;\n    transition: all 0.35s ease;\n        \/* nuovo font *\/\n        font-family: 'Suisse Intl Web',sans-serif;  \n}\n\n.popup.show {\n    display: block;\n    transform: translate(-50%, -50%) scale(1);\n}\n\n\/* FIX overflow testo *\/\n.popup p,\n#popupText {\n    \n  \n    \n    white-space: normal !important;\n    overflow-wrap: break-word !important;\n    word-break: break-word !important;\n    line-height: 1.3 !important;\n    text-align: center !important;\n}\n\n\/* Emoji sopra al titolo *\/\n.popup .emoji {\n    font-size: 65px !important;\n    line-height: 1 !important;\n    display: flex !important;\n    justify-content: center !important;\n    align-items: center !important;\n    text-align: center !important;\n    width: 100% !important;\n    margin: 0 auto 10px auto !important;\n}\n\n\/* Mobile emoji *\/\n@media (max-width: 480px) {\n    .popup .emoji {\n        font-size: 55px !important;\n        margin-bottom: 10px !important;\n    }\n}\n\n\/* Titolo *\/\n.popup h4 {\n \n    \n    margin: 0;\n    font-size: 24px;\n    font-weight: 700;\n    margin-top: 20px;\n    margin-bottom: 20px;\n}\n\n\/* Colori titolo *\/\n.popup.error h4 {\n    color: #ff3b3b !important;\n}\n\n.popup.success h4 {\n    color: #32d74b !important;\n}\n\n\/* Testo contenuto popup *\/\n.popup p {\n    margin: 18px 0 28px;\n    font-size: 16px;\n    line-height: 1.55;\n}\n\n\/* Pulsante Approfondisci *\/\n.popup .btn-approfondisci {\n    \n\n    \n    background: #fcd12a;\n    color: #000;\n    font-weight: 700;\n    padding: 13px 32px;\n    border-radius: 40px;\n    font-size: 17px;\n    cursor: pointer;\n    margin-bottom: 15px;\n    width: auto;\n    min-width: 240px;\n    margin-left: auto;\n    margin-right: auto;\n    border: 2px solid #000000;\n}\n\n\/* Pulsante Prossima domanda *\/\n.popup .btn-next {\n    background: transparent;\n    border: none;\n    color: white;\n    font-size: 17px;\n    margin-top: -20px;\n    font-weight: 600;\n    text-decoration: underline;\n    cursor: pointer;\n}\n\n\/* Contenitore bottoni *\/\n#popupButtons {\n    display: flex;\n    flex-direction: column;\n    gap: 10px;\n}\n\n\/* Mobile padding popup *\/\n@media (max-width: 480px) {\n    .popup {\n        padding: 28px 20px !important;\n        text-align: center !important;\n    }\n\n    .popup .btn-approfondisci {\n        width: 100% !important;\n        min-width: 0 !important;\n        padding: 12px 16px !important;\n    }\n}\n\n\n<\/style>\n\n<div class=\"quiz-section\">\n    <div class=\"quiz-box\">\n        <div class=\"quiz-title\"><\/div>\n\n        <div class=\"progress-text\" id=\"progressText\">Domanda 1 di 5<\/div>\n        <div class=\"progress-container\">\n            <div class=\"progress-bar\" id=\"progressBar\"><\/div>\n        <\/div>\n\n        <div class=\"question\" id=\"question\"><\/div>\n\n        <div class=\"timer-wrapper\">\n            <div id=\"timerText\" class=\"timer-text\">Tempo rimanente: 0:30<\/div>\n            <div class=\"timer-container\">\n                <div class=\"timer-bar\" id=\"timerBar\"><\/div>\n            <\/div>\n        <\/div>\n\n        <div class=\"answers\" id=\"answers\"><\/div>\n    <\/div>\n<\/div>\n\n<div class=\"popup\" id=\"popup\">\n    <span class=\"emoji\"><\/span>\n    <h4><\/h4>\n    <p id=\"popupText\"><\/p>\n    <div id=\"popupButtons\"><\/div>\n<\/div>\n\n\n\t\t\t\t<\/div>\n\t\t\t\t<\/div>\n\t\t\t\t\t<\/div>\n\t\t<\/div>\n\t\t\t\t\t<\/div>\n\t\t<\/section>\n\t\t\t\t<\/div>\n\t\t","protected":false},"excerpt":{"rendered":"<p>Alla ricerca del benessere La qualit\u00e0 della vita dipende dalle tue abitudini quotidiane, e la ricerca del benessere e il prendersi cura di s\u00e9 stessi \u00e8 senza dubbio l\u2019investimento migliore che puoi fare. Scegliere uno stile di vita sano vuol dire scegliere di volersi bene e decidere di intraprendere un percorso verso il benessere. Sei [&hellip;]<\/p>\n","protected":false},"author":1,"featured_media":0,"parent":0,"menu_order":0,"comment_status":"closed","ping_status":"closed","template":"elementor_header_footer","meta":{"footnotes":""},"class_list":["post-36","page","type-page","status-publish","hentry"],"_links":{"self":[{"href":"https:\/\/discover.idntt-host.it\/native\/discover\/granapadano-benessere\/wp-json\/wp\/v2\/pages\/36","targetHints":{"allow":["GET"]}}],"collection":[{"href":"https:\/\/discover.idntt-host.it\/native\/discover\/granapadano-benessere\/wp-json\/wp\/v2\/pages"}],"about":[{"href":"https:\/\/discover.idntt-host.it\/native\/discover\/granapadano-benessere\/wp-json\/wp\/v2\/types\/page"}],"author":[{"embeddable":true,"href":"https:\/\/discover.idntt-host.it\/native\/discover\/granapadano-benessere\/wp-json\/wp\/v2\/users\/1"}],"replies":[{"embeddable":true,"href":"https:\/\/discover.idntt-host.it\/native\/discover\/granapadano-benessere\/wp-json\/wp\/v2\/comments?post=36"}],"version-history":[{"count":519,"href":"https:\/\/discover.idntt-host.it\/native\/discover\/granapadano-benessere\/wp-json\/wp\/v2\/pages\/36\/revisions"}],"predecessor-version":[{"id":1792,"href":"https:\/\/discover.idntt-host.it\/native\/discover\/granapadano-benessere\/wp-json\/wp\/v2\/pages\/36\/revisions\/1792"}],"wp:attachment":[{"href":"https:\/\/discover.idntt-host.it\/native\/discover\/granapadano-benessere\/wp-json\/wp\/v2\/media?parent=36"}],"curies":[{"name":"wp","href":"https:\/\/api.w.org\/{rel}","templated":true}]}}